{"id":54,"date":"2025-01-08T13:24:24","date_gmt":"2025-01-08T12:24:24","guid":{"rendered":"https:\/\/logemann.info\/?page_id=54"},"modified":"2025-01-08T17:16:28","modified_gmt":"2025-01-08T16:16:28","slug":"was-ist-verhaltenstherapie","status":"publish","type":"page","link":"https:\/\/logemann.info\/index.php\/was-ist-verhaltenstherapie\/","title":{"rendered":"Was ist Verhaltenstherapie?"},"content":{"rendered":"\n<p><strong>Die Verhaltenstherapie ist eine effektive und wissenschaftlich fundierte Methode der Psychotherapie. Sie basiert auf der Annahme, dass Gedanken, Gef\u00fchle und Verhaltensweisen miteinander in Wechselwirkung stehen. Durch die gezielte Ver\u00e4nderung von Denkmustern und Verhaltensweisen k\u00f6nnen psychische Beschwerden wie \u00c4ngste, Depressionen oder Stress abgebaut und die Lebensqualit\u00e4t nachhaltig verbessert werden.<\/strong><\/p>\n\n\n\n<p><strong>Im Gegensatz zu anderen Therapieans\u00e4tzen konzentriert sich die Verhaltenstherapie st\u00e4rker auf die Gegenwart und die praktischen Aspekte des Lebens. Ziel ist es, konkrete, problematische Verhaltensweisen zu identifizieren und durch gesunde, funktionale Verhaltensmuster zu ersetzen.<\/strong><\/p>\n\n\n\n<p><strong>Ziele der Verhaltenstherapie<\/strong><\/p>\n\n\n\n<ul class=\"wp-block-list\">\n<li><strong>Ver\u00e4nderung von negativen Denkmustern: Viele psychische Probleme entstehen durch verzerrte oder ungesunde Denkmuster. In der Verhaltenstherapie lernen Sie, diese zu erkennen und zu bearbeiten.<\/strong><\/li>\n\n\n\n<li><strong>F\u00f6rderung von positiven Verhaltens\u00e4nderungen: Sie erarbeiten neue, ges\u00fcndere Verhaltensstrategien, die zu einer Verbesserung Ihres Alltags und Ihrer Lebensqualit\u00e4t f\u00fchren.<\/strong><\/li>\n\n\n\n<li><strong>Bew\u00e4ltigung von \u00c4ngsten und Stress: Durch gezielte \u00dcbungen und Konfrontation lernen Sie, mit belastenden Situationen besser umzugehen und Ihre \u00c4ngste zu \u00fcberwinden.<\/strong><\/li>\n\n\n\n<li><strong>St\u00e4rkung der Selbstwirksamkeit: Sie lernen, die Kontrolle \u00fcber Ihr Leben zur\u00fcckzugewinnen und Ihre eigenen Ressourcen zu nutzen, um Ver\u00e4nderungen herbeizuf\u00fchren.<\/strong><\/li>\n<\/ul>\n\n\n\n<p><strong>Methoden der Verhaltenstherapie<\/strong><\/p>\n\n\n\n<p><strong>In der Verhaltenstherapie werden verschiedene, gut erprobte Techniken eingesetzt, wie zum Beispiel:<\/strong><\/p>\n\n\n\n<ul class=\"wp-block-list\">\n<li><strong>Kognitive Umstrukturierung: Negative Gedanken und Glaubenss\u00e4tze werden hinterfragt und durch realistischere und positivere Gedanken ersetzt.<\/strong><\/li>\n\n\n\n<li><strong>Verhaltensexperimente und \u00dcbungseinheiten: Sie \u00fcben neue Verhaltensweisen in realen Situationen, um Ihre F\u00e4higkeiten zu st\u00e4rken und \u00c4ngste abzubauen<\/strong><\/li>\n\n\n\n<li><strong>Expositionstherapie: Dies ist eine besonders wirksame Methode bei \u00c4ngsten und Phobien. Hierbei setzen sich Patient*innen schrittweise und kontrolliert mit ihren \u00c4ngsten auseinander, um diese abzubauen.<\/strong><\/li>\n\n\n\n<li><strong>Achtsamkeitstechniken: Diese helfen, sich besser zu entspannen, den Moment zu erleben und den Druck des Alltags abzubauen.<\/strong><\/li>\n<\/ul>\n\n\n\n<p><strong>Wann ist Verhaltenstherapie sinnvoll?<\/strong><\/p>\n\n\n\n<p><strong>Verhaltenstherapie kann bei einer Vielzahl von psychischen Problemen helfen, darunter:<\/strong><\/p>\n\n\n\n<ul class=\"wp-block-list\">\n<li><strong>Angstst\u00f6rungen (z. B. soziale Phobie, Panikst\u00f6rungen)<\/strong><\/li>\n\n\n\n<li><strong>Depressionen<\/strong><\/li>\n\n\n\n<li><strong>Zwangsst\u00f6rungen<\/strong><\/li>\n\n\n\n<li><strong>Posttraumatische Belastungsst\u00f6rungen (PTBS)<\/strong><\/li>\n\n\n\n<li><strong>Essst\u00f6rungen<\/strong><\/li>\n\n\n\n<li><strong>Schlafst\u00f6rungen<\/strong><\/li>\n\n\n\n<li><strong>Stress und Burnout<\/strong><\/li>\n<\/ul>\n\n\n\n<p><strong>Die Therapie eignet sich sowohl f\u00fcr kurzfristige Probleme als auch f\u00fcr l\u00e4ngerfristige psychische Beschwerden.<\/strong><\/p>\n","protected":false},"excerpt":{"rendered":"<p>Die Verhaltenstherapie ist eine effektive und wissenschaftlich fundierte Methode der Psychotherapie. Sie basiert auf der Annahme, dass Gedanken, Gef\u00fchle und Verhaltensweisen miteinander in Wechselwirkung stehen. Durch die gezielte Ver\u00e4nderung von Denkmustern und Verhaltensweisen k\u00f6nnen psychische Beschwerden wie \u00c4ngste, Depressionen oder Stress abgebaut und die Lebensqualit\u00e4t nachhaltig verbessert werden. Im Gegensatz zu anderen Therapieans\u00e4tzen konzentriert sich [&hellip;]<\/p>\n","protected":false},"author":1,"featured_media":0,"parent":0,"menu_order":0,"comment_status":"closed","ping_status":"closed","template":"wp-custom-template-olli","meta":{"footnotes":""},"class_list":["post-54","page","type-page","status-publish","hentry"],"_links":{"self":[{"href":"https:\/\/logemann.info\/index.php\/wp-json\/wp\/v2\/pages\/54","targetHints":{"allow":["GET"]}}],"collection":[{"href":"https:\/\/logemann.info\/index.php\/wp-json\/wp\/v2\/pages"}],"about":[{"href":"https:\/\/logemann.info\/index.php\/wp-json\/wp\/v2\/types\/page"}],"author":[{"embeddable":true,"href":"https:\/\/logemann.info\/index.php\/wp-json\/wp\/v2\/users\/1"}],"replies":[{"embeddable":true,"href":"https:\/\/logemann.info\/index.php\/wp-json\/wp\/v2\/comments?post=54"}],"version-history":[{"count":3,"href":"https:\/\/logemann.info\/index.php\/wp-json\/wp\/v2\/pages\/54\/revisions"}],"predecessor-version":[{"id":143,"href":"https:\/\/logemann.info\/index.php\/wp-json\/wp\/v2\/pages\/54\/revisions\/143"}],"wp:attachment":[{"href":"https:\/\/logemann.info\/index.php\/wp-json\/wp\/v2\/media?parent=54"}],"curies":[{"name":"wp","href":"https:\/\/api.w.org\/{rel}","templated":true}]}}