{"id":48,"date":"2025-01-08T13:11:02","date_gmt":"2025-01-08T12:11:02","guid":{"rendered":"https:\/\/logemann.info\/?page_id=48"},"modified":"2026-04-06T15:50:49","modified_gmt":"2026-04-06T13:50:49","slug":"willkommen","status":"publish","type":"page","link":"https:\/\/logemann.info\/","title":{"rendered":"Herzlich Willkommen"},"content":{"rendered":"\n<p><strong>Sch\u00f6n, dass Sie meine Homepage besuchen! Ich freue mich, dass Sie sich f\u00fcr meine psychotherapeutische Praxis interessieren.<\/strong><\/p>\n\n\n\n<p><strong>In meiner Praxis in Delmenhorst biete ich Psychotherapie mit dem Schwerpunkt Verhaltenstherapie f\u00fcr Erwachsene an. <\/strong>Hier erfahren Sie, wie diese wissenschaftlich fundierte Therapieform Ihnen helfen kann, Ihre Lebensqualit\u00e4t zu verbessern, belastende Gedanken und Verhaltensweisen zu ver\u00e4ndern und neue, gesunde Strategien f\u00fcr den Alltag zu entwickeln. <strong>Im Folgenden finden Sie erste Informationen zu meiner Person, der Praxis, sowie den angebotenen Leistungen.<\/strong><\/p>\n\n\n\n<p class=\"is-style-text-annotation has-accent-6-background-color has-background has-large-font-size is-style-text-annotation--1\">Aktuell gibt es keine freien Termine f\u00fcr Einzeltherapie und die Warteliste ist geschlossen!<\/p>\n\n\n\n<p class=\"is-style-text-annotation has-accent-6-background-color has-background has-large-font-size is-style-text-annotation--2\">Seit 2026 gibt es eine Gruppe f\u00fcr ADHS im Erwachsenenalter(nur bei vorliegender Diagnose!), sowie eine Gruppe zur Angstbew\u00e4ltigung, bei Interesse senden Sie mir eine E-Mail.<br><br>Bitte beachten Sie, dass meine H\u00fcndin mit in der Praxis ist, dementsprechend kann ich Allergikern leider keine Termine anbieten.<\/p>\n\n\n\n<figure class=\"wp-block-image aligncenter size-full is-resized has-custom-border is-style-default\"><img loading=\"lazy\" decoding=\"async\" width=\"653\" height=\"870\" src=\"https:\/\/logemann.info\/wp-content\/uploads\/2026\/02\/Lou.jpg\" alt=\"\" class=\"wp-image-223\" style=\"border-width:1px;border-top-left-radius:12px;border-top-right-radius:12px;border-bottom-left-radius:12px;border-bottom-right-radius:12px;aspect-ratio:0.750581864162871;width:233px;height:auto\" srcset=\"https:\/\/logemann.info\/wp-content\/uploads\/2026\/02\/Lou.jpg 653w, https:\/\/logemann.info\/wp-content\/uploads\/2026\/02\/Lou-225x300.jpg 225w\" sizes=\"auto, (max-width: 653px) 100vw, 653px\" \/><\/figure>\n\n\n\n<p class=\"is-style-text-annotation has-accent-6-background-color has-background has-large-font-size is-style-text-annotation--3\"><strong>Die ADHS-Diagnostik im Erwachsenenalter kann nur durchgef\u00fchrt werden, wenn Sie aktuell in KEINER laufenden Psychotherapie sind. Aufgrund der engen Versorgungslage ist dieses Angebot auch f\u00fcr Versicherte von privaten Krankenkassen ge\u00f6ffnet. Bitte kontaktieren Sie mich bei Interesse per Mail<\/strong>.<\/p>\n\n\n\n<figure class=\"wp-block-image size-large has-custom-border\"><img loading=\"lazy\" decoding=\"async\" width=\"1024\" height=\"768\" src=\"https:\/\/logemann.info\/wp-content\/uploads\/2026\/02\/Praxis-1024x768.jpg\" alt=\"\" class=\"wp-image-221\" style=\"border-width:1px;border-top-left-radius:15px;border-top-right-radius:15px;border-bottom-left-radius:15px;border-bottom-right-radius:15px\" srcset=\"https:\/\/logemann.info\/wp-content\/uploads\/2026\/02\/Praxis-1024x768.jpg 1024w, https:\/\/logemann.info\/wp-content\/uploads\/2026\/02\/Praxis-300x225.jpg 300w, https:\/\/logemann.info\/wp-content\/uploads\/2026\/02\/Praxis-768x576.jpg 768w, https:\/\/logemann.info\/wp-content\/uploads\/2026\/02\/Praxis-1536x1152.jpg 1536w, https:\/\/logemann.info\/wp-content\/uploads\/2026\/02\/Praxis-2048x1536.jpg 2048w\" sizes=\"auto, (max-width: 1024px) 100vw, 1024px\" \/><\/figure>\n","protected":false},"excerpt":{"rendered":"<p>Sch\u00f6n, dass Sie meine Homepage besuchen! Ich freue mich, dass Sie sich f\u00fcr meine psychotherapeutische Praxis interessieren. In meiner Praxis in Delmenhorst biete ich Psychotherapie mit dem Schwerpunkt Verhaltenstherapie f\u00fcr Erwachsene an. Hier erfahren Sie, wie diese wissenschaftlich fundierte Therapieform Ihnen helfen kann, Ihre Lebensqualit\u00e4t zu verbessern, belastende Gedanken und Verhaltensweisen zu ver\u00e4ndern und neue, [&hellip;]<\/p>\n","protected":false},"author":1,"featured_media":0,"parent":0,"menu_order":0,"comment_status":"closed","ping_status":"closed","template":"wp-custom-template-olli","meta":{"footnotes":""},"class_list":["post-48","page","type-page","status-publish","hentry"],"_links":{"self":[{"href":"https:\/\/logemann.info\/index.php\/wp-json\/wp\/v2\/pages\/48","targetHints":{"allow":["GET"]}}],"collection":[{"href":"https:\/\/logemann.info\/index.php\/wp-json\/wp\/v2\/pages"}],"about":[{"href":"https:\/\/logemann.info\/index.php\/wp-json\/wp\/v2\/types\/page"}],"author":[{"embeddable":true,"href":"https:\/\/logemann.info\/index.php\/wp-json\/wp\/v2\/users\/1"}],"replies":[{"embeddable":true,"href":"https:\/\/logemann.info\/index.php\/wp-json\/wp\/v2\/comments?post=48"}],"version-history":[{"count":21,"href":"https:\/\/logemann.info\/index.php\/wp-json\/wp\/v2\/pages\/48\/revisions"}],"predecessor-version":[{"id":232,"href":"https:\/\/logemann.info\/index.php\/wp-json\/wp\/v2\/pages\/48\/revisions\/232"}],"wp:attachment":[{"href":"https:\/\/logemann.info\/index.php\/wp-json\/wp\/v2\/media?parent=48"}],"curies":[{"name":"wp","href":"https:\/\/api.w.org\/{rel}","templated":true}]}}