{"id":42,"date":"2025-01-08T10:51:16","date_gmt":"2025-01-08T09:51:16","guid":{"rendered":"https:\/\/logemann.info\/?page_id=42"},"modified":"2026-02-08T09:47:05","modified_gmt":"2026-02-08T08:47:05","slug":"leistungen","status":"publish","type":"page","link":"https:\/\/logemann.info\/index.php\/leistungen\/","title":{"rendered":"Leistungen"},"content":{"rendered":"\n<p>In meiner Praxis biete ich eine <strong>verhaltenstherapeutische Behandlung <\/strong>an, die auf wissenschaftlich fundierten und anerkannten Verfahren basiert. Die Verhaltenstherapie ist ein effektives Heilverfahren zur Behandlung psychischer Erkrankungen, das sich durch praxisorientierte und l\u00f6sungsfokussierte Methoden auszeichnet. Diese Methoden sind gut erprobt und entsprechen den aktuellen Erkenntnissen der Forschung.<\/p>\n\n\n\n<p>Als Psychotherapeutinnen mit vertrags\u00e4rztlichem Kassensitz sind wir f\u00fcr die Behandlung gesetzlich versicherter Patient*innen zust\u00e4ndig. Die Abrechnung erfolgt \u00fcber die Kassen\u00e4rztliche Vereinigung Niedersachsen (KVN) direkt mit den jeweiligen Krankenkassen. Voraussetzung f\u00fcr die Behandlung ist das Vorliegen einer behandlungsbed\u00fcrftigen psychischen Erkrankung.<\/p>\n\n\n\n<p>Privatpatienten werden leider nicht von uns behandelt.<\/p>\n\n\n\n<p>ADHS-Diagnostik in meiner Praxis \u2013 auch f\u00fcr Privatzahler.<\/p>\n\n\n\n<p>In meiner Praxis biete ich eine qualifizierte Diagnostik bei Verdacht auf eine Aufmerksamkeitsdefizit-\/Hyperaktivit\u00e4tsst\u00f6rung (ADHS) an. Dieses Angebot richtet sich sowohl an gesetzlich Versicherte als auch an Privatzahler. Da die Nachfrage nach ADHS-Diagnostik sehr hoch ist und es in vielen Regionen nur wenige verf\u00fcgbare Pl\u00e4tze gibt, biete ich diese Leistung auch f\u00fcr Selbstzahler an. So m\u00f6chte ich dazu beitragen, lange Wartezeiten zu verk\u00fcrzen und eine zeitnahe Abkl\u00e4rung zu erm\u00f6glichen.<\/p>\n\n\n\n<p>Bitte beachten Sie: Eine anschlie\u00dfende therapeutische Behandlung kann in meiner Praxis nicht erfolgen. Die Diagnostik dient der fachlichen Einsch\u00e4tzung und ggf. der Weiterleitung an geeignete therapeutische oder medizinische Fachstellen.<\/p>\n\n\n\n<p><strong>Psy-RENA<\/strong> ist eine Reha-Nachsorge, die Sie im Anschluss an eine psychosomatische Rehabilitation dabei unterst\u00fctzen soll, die erlernten Verhaltensweisen und Strategien zur Stress- und Konfliktbew\u00e4ltigung im Alltag und im Berufsleben umzusetzen.<\/p>\n\n\n\n<p><\/p>\n\n\n\n<p><\/p>\n\n\n\n<p>NEU: Ab 2026 gibt es wieder freie Pl\u00e4tze in der Gruppenpsychotherapie, bei Interesse senden Sie mir eine E-Mail.<\/p>\n","protected":false},"excerpt":{"rendered":"<p>In meiner Praxis biete ich eine verhaltenstherapeutische Behandlung an, die auf wissenschaftlich fundierten und anerkannten Verfahren basiert. Die Verhaltenstherapie ist ein effektives Heilverfahren zur Behandlung psychischer Erkrankungen, das sich durch praxisorientierte und l\u00f6sungsfokussierte Methoden auszeichnet. Diese Methoden sind gut erprobt und entsprechen den aktuellen Erkenntnissen der Forschung. Als Psychotherapeutinnen mit vertrags\u00e4rztlichem Kassensitz sind wir f\u00fcr [&hellip;]<\/p>\n","protected":false},"author":1,"featured_media":0,"parent":0,"menu_order":0,"comment_status":"closed","ping_status":"closed","template":"wp-custom-template-olli","meta":{"footnotes":""},"class_list":["post-42","page","type-page","status-publish","hentry"],"_links":{"self":[{"href":"https:\/\/logemann.info\/index.php\/wp-json\/wp\/v2\/pages\/42","targetHints":{"allow":["GET"]}}],"collection":[{"href":"https:\/\/logemann.info\/index.php\/wp-json\/wp\/v2\/pages"}],"about":[{"href":"https:\/\/logemann.info\/index.php\/wp-json\/wp\/v2\/types\/page"}],"author":[{"embeddable":true,"href":"https:\/\/logemann.info\/index.php\/wp-json\/wp\/v2\/users\/1"}],"replies":[{"embeddable":true,"href":"https:\/\/logemann.info\/index.php\/wp-json\/wp\/v2\/comments?post=42"}],"version-history":[{"count":8,"href":"https:\/\/logemann.info\/index.php\/wp-json\/wp\/v2\/pages\/42\/revisions"}],"predecessor-version":[{"id":218,"href":"https:\/\/logemann.info\/index.php\/wp-json\/wp\/v2\/pages\/42\/revisions\/218"}],"wp:attachment":[{"href":"https:\/\/logemann.info\/index.php\/wp-json\/wp\/v2\/media?parent=42"}],"curies":[{"name":"wp","href":"https:\/\/api.w.org\/{rel}","templated":true}]}}