{"id":2,"date":"2024-07-12T16:41:22","date_gmt":"2024-07-12T16:41:22","guid":{"rendered":"https:\/\/logemann.info\/?page_id=2"},"modified":"2026-02-07T14:24:17","modified_gmt":"2026-02-07T13:24:17","slug":"logemann","status":"publish","type":"page","link":"https:\/\/logemann.info\/index.php\/logemann\/","title":{"rendered":"A. Logemann"},"content":{"rendered":"\n<div class=\"wp-block-group is-nowrap is-layout-flex wp-container-core-group-is-layout-6c531013 wp-block-group-is-layout-flex\">\n<p>Mein Name ist Annelie Logemann, ich bin Psychologin (M.A.) und Psychologische Psychotherapeutin mit Fachkunde im Bereich Verhaltenstherapie.&nbsp;<br>Seit 2024 bin ich in eigener Praxis in der vertrags\u00e4rztlichen Versorgung t\u00e4tig.<\/p>\n<\/div>\n\n\n\n<p class=\"is-style-text-annotation has-accent-6-background-color has-background has-large-font-size is-style-text-annotation--1\">Bitte beachten Sie, dass meine H\u00fcndin mit in der Praxis ist, dementsprechend kann ich Allergikern leider keine Termine anbieten.<\/p>\n\n\n\n<p><strong>Studium und Ausbildung:<\/strong><\/p>\n\n\n\n<p class=\"is-style-default\">2007-2010 &nbsp;<br>Studium der Psychologie an der Universit\u00e4t Bremen, Abschluss als Psychologin B.Sc.<\/p>\n\n\n\n<p>2010-2012<br>Studium der Psychologie an der International Psychoanalytic University Berlin, Abschluss Psychologin M.A.<\/p>\n\n\n\n<p>2016-2024<br>Ausbildung zur Psychologischen Psychotherapeutin mit dem Schwerpunkt Verhaltenstherapie am Norddeutschen Institut f\u00fcr Verhaltenstherapie Bremen e.V. (NIVT), Approbation verliehen durch die Freie Hansestadt Bremen im April 2024<br><br><strong>Berufliche T\u00e4tigkeit:<\/strong><\/p>\n\n\n\n<p>2016-2017<br>Psychologin\/&nbsp;Psychotherapeutin in Ausbildung (PPiA) im Klinikum Bremen-Ost, T\u00e4tigkeitsschwerpunkt Krisenintervention und Tagesklinik.<br><br>2018-2024<br>Psychologin in der Fachstelle Sucht, Wildeshausen, T\u00e4tigkeitsschwerpunkt Beratung und ambulante Suchtrehabilitation.<\/p>\n\n\n\n<p>seit 2024<br>niedergelassen in eigener Praxis im Rahmen der vertrags\u00e4rztlichen Versorgung<\/p>\n\n\n\n<p><strong>Zusatzqualifikationen:<\/strong> Psy-Rena-Therapeutin, t\u00e4tig f\u00fcr die Deutsche Rentenversicherung<\/p>\n\n\n\n<p><strong>Mitgliedschaften: <\/strong>Psychotherapeutenkammer Niedersachsen (PKN), Deutsche Psychotherapeuten Vereinigung (DPtV)<\/p>\n\n\n\n<p><\/p>\n","protected":false},"excerpt":{"rendered":"<p>Mein Name ist Annelie Logemann, ich bin Psychologin (M.A.) und Psychologische Psychotherapeutin mit Fachkunde im Bereich Verhaltenstherapie.&nbsp;Seit 2024 bin ich in eigener Praxis in der vertrags\u00e4rztlichen Versorgung t\u00e4tig. Bitte beachten Sie, dass meine H\u00fcndin mit in der Praxis ist, dementsprechend kann ich Allergikern leider keine Termine anbieten. Studium und Ausbildung: 2007-2010 &nbsp;Studium der Psychologie an [&hellip;]<\/p>\n","protected":false},"author":1,"featured_media":0,"parent":0,"menu_order":0,"comment_status":"closed","ping_status":"closed","template":"wp-custom-template-olli","meta":{"footnotes":""},"class_list":["post-2","page","type-page","status-publish","hentry"],"_links":{"self":[{"href":"https:\/\/logemann.info\/index.php\/wp-json\/wp\/v2\/pages\/2","targetHints":{"allow":["GET"]}}],"collection":[{"href":"https:\/\/logemann.info\/index.php\/wp-json\/wp\/v2\/pages"}],"about":[{"href":"https:\/\/logemann.info\/index.php\/wp-json\/wp\/v2\/types\/page"}],"author":[{"embeddable":true,"href":"https:\/\/logemann.info\/index.php\/wp-json\/wp\/v2\/users\/1"}],"replies":[{"embeddable":true,"href":"https:\/\/logemann.info\/index.php\/wp-json\/wp\/v2\/comments?post=2"}],"version-history":[{"count":21,"href":"https:\/\/logemann.info\/index.php\/wp-json\/wp\/v2\/pages\/2\/revisions"}],"predecessor-version":[{"id":178,"href":"https:\/\/logemann.info\/index.php\/wp-json\/wp\/v2\/pages\/2\/revisions\/178"}],"wp:attachment":[{"href":"https:\/\/logemann.info\/index.php\/wp-json\/wp\/v2\/media?parent=2"}],"curies":[{"name":"wp","href":"https:\/\/api.w.org\/{rel}","templated":true}]}}