{"id":176,"date":"2026-02-07T14:28:45","date_gmt":"2026-02-07T13:28:45","guid":{"rendered":"https:\/\/logemann.info\/?page_id=176"},"modified":"2026-02-08T11:34:06","modified_gmt":"2026-02-08T10:34:06","slug":"salomon","status":"publish","type":"page","link":"https:\/\/logemann.info\/index.php\/salomon\/","title":{"rendered":"S. Salomon"},"content":{"rendered":"\n<div class=\"wp-block-group is-nowrap is-layout-flex wp-container-core-group-is-layout-6c531013 wp-block-group-is-layout-flex\">\n<p>Mein Name ist Sara Salomon, ich bin Psychologin (M.Sc.) und Psychologische Psychotherapeutin mit Fachkunde im Bereich Verhaltenstherapie.&nbsp;<br>Seit 2025 bin ich in der Praxis in der vertrags\u00e4rztlichen Versorgung t\u00e4tig.<\/p>\n<\/div>\n\n\n\n<figure class=\"wp-block-image aligncenter size-full is-resized has-custom-border\"><img loading=\"lazy\" decoding=\"async\" width=\"709\" height=\"945\" src=\"https:\/\/logemann.info\/wp-content\/uploads\/2026\/02\/Passfoto_Sara.jpg\" alt=\"\" class=\"wp-image-219\" style=\"border-width:1px;border-top-left-radius:15px;border-top-right-radius:15px;border-bottom-left-radius:15px;border-bottom-right-radius:15px;aspect-ratio:0.7502617085512758;width:270px;height:auto\" srcset=\"https:\/\/logemann.info\/wp-content\/uploads\/2026\/02\/Passfoto_Sara.jpg 709w, https:\/\/logemann.info\/wp-content\/uploads\/2026\/02\/Passfoto_Sara-225x300.jpg 225w\" sizes=\"auto, (max-width: 709px) 100vw, 709px\" \/><\/figure>\n\n\n\n<p><strong>Studium und Ausbildung:<\/strong><\/p>\n\n\n\n<p class=\"is-style-default\">2007-2011 &nbsp;<br>Studium der Psychologie an der Universit\u00e4t Bremen, Abschluss als Psychologin B.Sc.<\/p>\n\n\n\n<p>2011-2014<br>Studium der Psychologie an der Universit\u00e4t Bremen, Abschluss Psychologin M.Sc.<\/p>\n\n\n\n<p>2017-2025<br>Ausbildung zur Psychologischen Psychotherapeutin mit dem Schwerpunkt Verhaltenstherapie am Norddeutschen Institut f\u00fcr Verhaltenstherapie Bremen e.V. (NIVT), Approbation verliehen durch die Freie Hansestadt Bremen im Mai 2025<br><br><strong>Berufliche T\u00e4tigkeit:<\/strong><\/p>\n\n\n\n<p>2022-2023<br>Psychologin\/&nbsp;Psychotherapeutin in Ausbildung (PPiA) in der AMEOS Klinik Dr. Heines, T\u00e4tigkeitsschwerpunkt station\u00e4re Behandlung.<br><br>2016-2025<br>Psychologin in der Neue Burg GmbH-RPK Verden, T\u00e4tigkeitsschwerpunkt Einzel- und Gruppenbehandlung im Rahmen der beruflichen Rehabilitation.<\/p>\n\n\n\n<p>seit 2025<br>t\u00e4tig in der Praxis f\u00fcr Psychotherapie A. Logemann im Rahmen der vertrags\u00e4rztlichen Versorgung<\/p>\n\n\n\n<p><strong>Zusatzqualifikationen:<\/strong> Psy-Rena-Therapeutin, t\u00e4tig f\u00fcr die Deutsche Rentenversicherung<\/p>\n\n\n\n<p><strong>Mitgliedschaften: <\/strong>Psychotherapeutenkammer Niedersachsen (PKN)<\/p>\n\n\n\n<p><\/p>\n","protected":false},"excerpt":{"rendered":"<p>Mein Name ist Sara Salomon, ich bin Psychologin (M.Sc.) und Psychologische Psychotherapeutin mit Fachkunde im Bereich Verhaltenstherapie.&nbsp;Seit 2025 bin ich in der Praxis in der vertrags\u00e4rztlichen Versorgung t\u00e4tig. Studium und Ausbildung: 2007-2011 &nbsp;Studium der Psychologie an der Universit\u00e4t Bremen, Abschluss als Psychologin B.Sc. 2011-2014Studium der Psychologie an der Universit\u00e4t Bremen, Abschluss Psychologin M.Sc. 2017-2025Ausbildung zur [&hellip;]<\/p>\n","protected":false},"author":1,"featured_media":0,"parent":0,"menu_order":0,"comment_status":"closed","ping_status":"closed","template":"wp-custom-template-olli","meta":{"footnotes":""},"class_list":["post-176","page","type-page","status-publish","hentry"],"_links":{"self":[{"href":"https:\/\/logemann.info\/index.php\/wp-json\/wp\/v2\/pages\/176","targetHints":{"allow":["GET"]}}],"collection":[{"href":"https:\/\/logemann.info\/index.php\/wp-json\/wp\/v2\/pages"}],"about":[{"href":"https:\/\/logemann.info\/index.php\/wp-json\/wp\/v2\/types\/page"}],"author":[{"embeddable":true,"href":"https:\/\/logemann.info\/index.php\/wp-json\/wp\/v2\/users\/1"}],"replies":[{"embeddable":true,"href":"https:\/\/logemann.info\/index.php\/wp-json\/wp\/v2\/comments?post=176"}],"version-history":[{"count":3,"href":"https:\/\/logemann.info\/index.php\/wp-json\/wp\/v2\/pages\/176\/revisions"}],"predecessor-version":[{"id":226,"href":"https:\/\/logemann.info\/index.php\/wp-json\/wp\/v2\/pages\/176\/revisions\/226"}],"wp:attachment":[{"href":"https:\/\/logemann.info\/index.php\/wp-json\/wp\/v2\/media?parent=176"}],"curies":[{"name":"wp","href":"https:\/\/api.w.org\/{rel}","templated":true}]}}